{"id":3,"date":"2022-05-10T11:10:29","date_gmt":"2022-05-10T09:10:29","guid":{"rendered":"https:\/\/froidevaux.geekworkers.dev\/?page_id=3"},"modified":"2022-07-06T11:18:00","modified_gmt":"2022-07-06T09:18:00","slug":"mentions-legales","status":"publish","type":"page","link":"https:\/\/froidevaux-immobilier.ch\/en\/mentions-legales\/","title":{"rendered":"Legal notice"},"content":{"rendered":"<div data-elementor-type=\"wp-page\" data-elementor-id=\"3\" class=\"elementor elementor-3\" data-elementor-post-type=\"page\">\n\t\t\t\t\t\t<section data-particle_enable=\"false\" data-particle-mobile-disabled=\"false\" class=\"elementor-section elementor-top-section elementor-element elementor-element-123e203 elementor-section-full_width elementor-section-height-min-height elementor-section-height-default elementor-section-items-middle\" data-id=\"123e203\" data-element_type=\"section\" data-settings=\"{&quot;jet_parallax_layout_list&quot;:[],&quot;background_background&quot;:&quot;classic&quot;}\">\n\t\t\t\t\t\t<div class=\"elementor-container elementor-column-gap-default\">\n\t\t\t\t\t<div class=\"elementor-column elementor-col-100 elementor-top-column elementor-element elementor-element-c2c7aa1\" data-id=\"c2c7aa1\" data-element_type=\"column\">\n\t\t\t<div class=\"elementor-widget-wrap elementor-element-populated\">\n\t\t\t\t\t\t<div class=\"elementor-element elementor-element-d7d2e86 titrPresti elementor-widget elementor-widget-heading\" data-id=\"d7d2e86\" data-element_type=\"widget\" data-widget_type=\"heading.default\">\n\t\t\t\t<div class=\"elementor-widget-container\">\n\t\t\t<h1 class=\"elementor-heading-title elementor-size-default\">Mentions <br>&emsp;&emsp;&emsp;&emsp;&emsp;<span>l\u00e9gales<\/span><\/h1>\t\t<\/div>\n\t\t\t\t<\/div>\n\t\t\t\t\t<\/div>\n\t\t<\/div>\n\t\t\t\t\t<\/div>\n\t\t<\/section>\n\t\t\t\t<section data-particle_enable=\"false\" data-particle-mobile-disabled=\"false\" class=\"elementor-section elementor-top-section elementor-element elementor-element-1f8961d elementor-section-boxed elementor-section-height-default elementor-section-height-default\" data-id=\"1f8961d\" data-element_type=\"section\" data-settings=\"{&quot;jet_parallax_layout_list&quot;:[]}\">\n\t\t\t\t\t\t<div class=\"elementor-container elementor-column-gap-default\">\n\t\t\t\t\t<div class=\"elementor-column elementor-col-50 elementor-top-column elementor-element elementor-element-4c227ce\" data-id=\"4c227ce\" data-element_type=\"column\">\n\t\t\t<div class=\"elementor-widget-wrap elementor-element-populated\">\n\t\t\t\t\t\t<section data-particle_enable=\"false\" data-particle-mobile-disabled=\"false\" class=\"elementor-section elementor-inner-section elementor-element elementor-element-71086d9 elementor-hidden-mobile elementor-section-boxed elementor-section-height-default elementor-section-height-default\" data-id=\"71086d9\" data-element_type=\"section\" data-settings=\"{&quot;jet_parallax_layout_list&quot;:[],&quot;sticky&quot;:&quot;top&quot;,&quot;sticky_parent&quot;:&quot;yes&quot;,&quot;sticky_on&quot;:[&quot;desktop&quot;,&quot;laptop&quot;,&quot;tablet&quot;,&quot;mobile&quot;],&quot;sticky_offset&quot;:0,&quot;sticky_effects_offset&quot;:0}\">\n\t\t\t\t\t\t<div class=\"elementor-container elementor-column-gap-default\">\n\t\t\t\t\t<div class=\"elementor-column elementor-col-100 elementor-inner-column elementor-element elementor-element-010b788\" data-id=\"010b788\" data-element_type=\"column\">\n\t\t\t<div class=\"elementor-widget-wrap elementor-element-populated\">\n\t\t\t\t\t\t<div class=\"elementor-element elementor-element-886a232 elementor-toc--minimized-on-tablet elementor-widget elementor-widget-table-of-contents\" data-id=\"886a232\" data-element_type=\"widget\" data-settings=\"{&quot;exclude_headings_by_selector&quot;:[],&quot;marker_view&quot;:&quot;bullets&quot;,&quot;icon&quot;:{&quot;value&quot;:&quot;&quot;,&quot;library&quot;:&quot;&quot;},&quot;headings_by_tags&quot;:[&quot;h2&quot;,&quot;h3&quot;,&quot;h4&quot;,&quot;h5&quot;,&quot;h6&quot;],&quot;minimize_box&quot;:&quot;yes&quot;,&quot;minimized_on&quot;:&quot;tablet&quot;,&quot;hierarchical_view&quot;:&quot;yes&quot;,&quot;min_height&quot;:{&quot;unit&quot;:&quot;px&quot;,&quot;size&quot;:&quot;&quot;,&quot;sizes&quot;:[]},&quot;min_height_laptop&quot;:{&quot;unit&quot;:&quot;px&quot;,&quot;size&quot;:&quot;&quot;,&quot;sizes&quot;:[]},&quot;min_height_tablet&quot;:{&quot;unit&quot;:&quot;px&quot;,&quot;size&quot;:&quot;&quot;,&quot;sizes&quot;:[]},&quot;min_height_mobile&quot;:{&quot;unit&quot;:&quot;px&quot;,&quot;size&quot;:&quot;&quot;,&quot;sizes&quot;:[]}}\" data-widget_type=\"table-of-contents.default\">\n\t\t\t\t<div class=\"elementor-widget-container\">\n\t\t\t\t\t<div class=\"elementor-toc__header\">\n\t\t\t<h4 class=\"elementor-toc__header-title\">\n\t\t\t\tSommaire\t\t\t<\/h4>\n\t\t\t\t\t\t\t<div class=\"elementor-toc__toggle-button elementor-toc__toggle-button--expand\" role=\"button\" tabindex=\"0\" aria-controls=\"elementor-toc__886a232\" aria-expanded=\"true\" aria-label=\"Open table of contents\"><i aria-hidden=\"true\" class=\"fas fa-chevron-down\"><\/i><\/div>\n\t\t\t\t<div class=\"elementor-toc__toggle-button elementor-toc__toggle-button--collapse\" role=\"button\" tabindex=\"0\" aria-controls=\"elementor-toc__886a232\" aria-expanded=\"true\" aria-label=\"Close table of contents\"><i aria-hidden=\"true\" class=\"fas fa-chevron-up\"><\/i><\/div>\n\t\t\t\t\t<\/div>\n\t\t<div id=\"elementor-toc__886a232\" class=\"elementor-toc__body\">\n\t\t\t<div class=\"elementor-toc__spinner-container\">\n\t\t\t\t<i class=\"elementor-toc__spinner eicon-animation-spin eicon-loading\" aria-hidden=\"true\"><\/i>\t\t\t<\/div>\n\t\t<\/div>\n\t\t\t\t<\/div>\n\t\t\t\t<\/div>\n\t\t\t\t\t<\/div>\n\t\t<\/div>\n\t\t\t\t\t<\/div>\n\t\t<\/section>\n\t\t\t\t\t<\/div>\n\t\t<\/div>\n\t\t\t\t<div class=\"elementor-column elementor-col-50 elementor-top-column elementor-element elementor-element-b41a274\" data-id=\"b41a274\" data-element_type=\"column\">\n\t\t\t<div class=\"elementor-widget-wrap elementor-element-populated\">\n\t\t\t\t\t\t<div class=\"elementor-element elementor-element-b1f505b elementor-widget elementor-widget-text-editor\" data-id=\"b1f505b\" data-element_type=\"widget\" data-widget_type=\"text-editor.default\">\n\t\t\t\t<div class=\"elementor-widget-container\">\n\t\t\t\t\t\t\t<div class=\"section-space40\">\n<div class=\"container wow fadeInUp\">\n<div class=\"row\">\n<div class=\"col-md-8 col-md-offset-2\">\n<div class=\"section-title text-center mb20\">\n<\/div>\n<\/div>\n<\/div>\n<div class=\"row\">\n<div class=\"col-md-8 col-md-offset-2\">\n<p>Nous communiquons la pr\u00e9sente d\u00e9claration de confidentialit\u00e9 pour vous aider \u00e0 comprendre ce que nous pouvons faire avec les donn\u00e9es personnelles que nous obtenons par vos soins.<\/p>\n<p>En nous fournissant vos donn\u00e9es personnelles, vous signifiez votre acceptation de notre d\u00e9claration de confidentialit\u00e9 et convenez que nous pouvons collecter, utiliser et divulguer vos donn\u00e9es personnelles tel que d\u00e9crit dans la pr\u00e9sente d\u00e9claration de confidentialit\u00e9.<\/p>\n<h3>1. D\u00e9finition et collecte des donn\u00e9es<\/h3>\n<p>Donn\u00e9es \u00e0 caract\u00e8re personnel :<\/p>\n<p>Il s\u2019agit des donn\u00e9es qui se rapportent \u00e0 vous et qui peuvent donner des indications sur votre personne. Il s\u2019agit par exemple des donn\u00e9es suivantes : nom pr\u00e9nom, adresse email, num\u00e9ro de t\u00e9l\u00e9phone et informations similaires.<\/p>\n<p>Nous respectons les r\u00e8gles que nous imposent les lois suisses sur la protection des donn\u00e9es et, le cas \u00e9ch\u00e9ant, celles de l\u2019Union europ\u00e9enne. Cela signifie que nous sommes transparents \u00e0 votre \u00e9gard quant aux donn\u00e9es \u00e0 caract\u00e8re personnel que nous traitons. Nous ne traitons que les donn\u00e9es \u00e0 caract\u00e8re personnel que nous obtenons de votre part par le remplissage de formulaire sur notre site web ou via diff\u00e9rents portails ;<\/p>\n<ul>\n<li>Une demande de contact pour un bien \u00e0 louer ou \u00e0 vendre<\/li>\n<li>Une demande de conseils type estimation online ou offline<\/li>\n<li>Une demande de contact via notre site web (rubrique \u00ab Nous contacter \u00bb), par t\u00e9l\u00e9phone, e-mail, Instagram, Facebook.<\/li>\n<li>Une demande via un formulaire physique ou par inscription sur notre site.<\/li>\n<\/ul>\n<p>Si nous ne traitons plus vos donn\u00e9es \u00e0 caract\u00e8re personnel et ne sommes plus l\u00e9galement tenus de les conserver, ou si vous ne souhaitez plus que nous d\u00e9tenions et traitions ces donn\u00e9es, nous cesserons de le faire.<\/p>\n<p>Vous avez en tout temps la possibilit\u00e9 d\u2019\u00eatre renseign\u00e9 sur le traitement de vos donn\u00e9es \u00e0 caract\u00e8re personnel ou de vous opposer \u00e0 ce traitement. Pour savoir comment proc\u00e9der, veuillez-vous r\u00e9f\u00e9rer au chapitre 7.<\/p>\n<p>Par ailleurs, votre adresse IP est enregistr\u00e9e lors de vos visites et doit \u00eatre conserv\u00e9e et divulgu\u00e9e conform\u00e9ment aux prescriptions l\u00e9gales applicables en cas de demande des autorit\u00e9s comp\u00e9tentes.<\/p>\n<p>Donn\u00e9es \u00e0 caract\u00e8re non personnel :<\/p>\n<p>Les donn\u00e9es \u00e0 caract\u00e8re non personnel sont des informations ne pouvant \u00eatre li\u00e9es directement \u00e0 votre personne, c\u2019est-\u00e0-dire \u00e0 votre identit\u00e9. Nous n\u2019\u00e9tablissons aucun lien entre vos donn\u00e9es personnelles et ces donn\u00e9es, lesquelles restent donc anonymes pour nous.<\/p>\n<p>Pour quelles raisons, collectons-nous ces donn\u00e9es ?<\/p>\n<p>Nous collectons et traitons ces donn\u00e9es afin d\u2019am\u00e9liorer en permanence votre exp\u00e9rience de navigation, nos services et les adapter au mieux \u00e0 vos besoins. Ces donn\u00e9es nous aident \u00e9galement \u00e0 analyser le trafic, et \u00e9tablir des statistiques d\u2019audience sur nos annonces et services et enfin, \u00e0 vous proposer une publicit\u00e9 pertinente.<\/p>\n<h3>2. Utilisation et transmission de donn\u00e9es \u00e0 caract\u00e8re personnel<\/h3>\n<p>En nous communiquant des donn\u00e9es \u00e0 caract\u00e8re personnel, vous acceptez que l\u2019agence Froidevaux Immobilier SA puisse traiter vos donn\u00e9es \u00e0 caract\u00e8re personnel aux fins suivantes :<\/p>\n<ul>\n<li>Ex\u00e9cuter et satisfaire des engagements contractuels ou l\u00e9gaux ;<\/li>\n<li>V\u00e9rifier l\u2019autorisation d\u2019acc\u00e8s et g\u00e9rer le compte utilisateur (si existant) ;<\/li>\n<li>Informer des mises \u00e0 jour ou des modifications de nos produits, services ou \u00e9v\u00e9nements ;<\/li>\n<li>Lutter contre la fraude ;<\/li>\n<li>Etablir des factures ;<\/li>\n<li>D\u00e9velopper et entretenir la relation client \u00e0 des fins de marketing ; Ainsi que, s\u2019agissant des donn\u00e9es \u00e0 caract\u00e8re non personnel, pour :<\/li>\n<li>Mener des analyses d\u2019audience, \u00e9tudes de march\u00e9 et \u00e9diter des statistiques ;<\/li>\n<li>Concevoir et am\u00e9liorer nos offres et nos services ;<\/li>\n<li>Analyser le comportement des utilisateurs avec des donn\u00e9es anonymes ;<\/li>\n<li>Ins\u00e9rer de la publicit\u00e9 cibl\u00e9e sur notre site web, dans nos newsletters, sur Instagram, ainsi que sur Facebook, LinkedIn ou d\u2019autres sites sur lesquels vous \u00eates susceptibles de naviguer par la suite.<\/li>\n<\/ul>\n<p>Vous acceptez que vos donn\u00e9es \u00e0 caract\u00e8re personnel puissent \u00eatre transmises au sein de l\u2019agence Froidevaux Immobilier SA (pour le bon fonctionnement des services) ainsi qu\u2019\u00e0 ses partenaires actuels sur votre demande (compl\u00e9tion d\u2019un formulaire de demande sur un bien \u00e0 louer ou \u00e0 acheter ou de contact aupr\u00e8s d\u2019un annonceur, d\u2019une offre sans engagement pour la garantie de loyer ou de conseils personnalis\u00e9s et trait\u00e9es aux fins susmentionn\u00e9es.<\/p>\n<p>L\u2019utilisation des donn\u00e9es \u00e0 caract\u00e8re personnel transmises dans le cadre d\u2019une offre promotionnelle (concours) ou en remplissant un formulaire de demande en ligne aupr\u00e8s d\u2019un annonceur pour un objet immobilier qui vous int\u00e9resse ou en remplissant un formulaire de demande d\u2019offre ou en remplissant une demande de conseils personnalis\u00e9s, n\u2019est pas r\u00e9gie par les pr\u00e9sentes dispositions, mais par la politique de confidentialit\u00e9 du tiers ou de l\u2019annonceur concern\u00e9, \u00e0 l\u2019exclusion de toute responsabilit\u00e9 de Froidevaux Immobilier SA<\/p>\n<p>Si vous avez accept\u00e9 de recevoir notre newsletter \u00e0 votre adresse email, vous pouvez, \u00e0 tout moment, vous d\u00e9sabonner en cliquant soit sur le lien figurant au bas de chaque newsletter soit en faisant la demande par e-mail ou par t\u00e9l\u00e9phone \u00e0 notre secr\u00e9tariat.<\/p>\n<p>Aucune autre transmission, aucun transfert ou aucune vente de vos donn\u00e9es \u00e0 caract\u00e8re personnel \u00e0 un tiers en dehors de l\u2019agence Froidevaux Immobilier SA et de ses partenaires actuels ne sont effectu\u00e9s.<\/p>\n<p>La divulgation des donn\u00e9es en vertu de la loi, par exemple pour la poursuite et la d\u00e9couverte d\u2019activit\u00e9s illicites, reste r\u00e9serv\u00e9e.<\/p>\n<h3>3. Cookies<\/h3>\n<p>Un cookie est un fichier compos\u00e9 d\u2019un ensemble de caract\u00e8res qui est envoy\u00e9 \u00e0 votre terminal quand vous naviguez sur un site web ou sur une application. Le cookie permet ainsi au site ou \u00e0 l\u2019application de vous reconna\u00eetre lors d\u2019une visite ult\u00e9rieure.<\/p>\n<p>Les cookies nous permettent d\u2019observer le comportement des internautes et de conserver des donn\u00e9es utiles pour faciliter leurs navigations futures.<\/p>\n<p>A quoi sert l\u2019analyse du comportement des internautes ?<\/p>\n<p>Sur base de ces donn\u00e9es statistiques, nous pouvons r\u00e9aliser des analyses et apporter les am\u00e9liorations n\u00e9cessaires pour rendre votre navigation toujours plus agr\u00e9able et performante.<\/p>\n<p>Les cookies nous permettent \u00e9galement d\u2019am\u00e9liorer le ciblage de notre publicit\u00e9 sur d\u2019autres sites et sur les r\u00e9seaux sociaux comme Facebook.<\/p>\n<p>Pourquoi conserver vos donn\u00e9es saisies ?<\/p>\n<p>Lorsque vous remplissez un formulaire de contact aupr\u00e8s d\u2019un Annonceur par exemple pour obtenir des informations sur un bien \u00e0 louer ou \u00e0 vendre qui vous int\u00e9resse, nous sauvegardons dans vos cookies ces informations (nom, pr\u00e9nom, adresse email et num\u00e9ro de t\u00e9l\u00e9phone).<\/p>\n<p>La plupart des navigateurs internet acceptent automatiquement les cookies. Vous pouvez cependant configurer votre navigateur de sorte qu\u2019aucun cookie ne soit enregistr\u00e9 sur votre ordinateur ou que vous soyez toujours inform\u00e9 quand vous recevez un nouveau cookie.<\/p>\n<p>Nos services peuvent en principe \u00eatre utilis\u00e9s m\u00eame en l\u2019absence de cookies.<\/p>\n<h3>4. Utilisation des technologies de suivi<\/h3>\n<p>Froidevaux Immobilier SA utilise des technologies d\u2019analyse anonymis\u00e9e des consultations de son site web et newsletters afin d\u2019am\u00e9liorer en continu ces derniers. Les outils Google Analytics, Google Tag Manager, ainsi que des outils internes sont utilis\u00e9s pour une analyse non personnelle de votre navigation. Ceci uniquement pour une \u00e9valuation statistique des performances globales. Ce faisant, des informations relatives au syst\u00e8me d\u2019exploitation, au navigateur, \u00e0 l\u2019origine g\u00e9ographique (pays uniquement), aux pages consult\u00e9es au cours de la visite ainsi qu\u2019aux interactions (par exemple : nombre de clics sur une annonce, sur un num\u00e9ro de t\u00e9l\u00e9phone, sur des banni\u00e8res publicitaires, etc.) ainsi qu\u2019aux diff\u00e9rents temps de r\u00e9ponse des pages consult\u00e9es sont enregistr\u00e9es.<\/p>\n<h3>5. S\u00e9curit\u00e9 des donn\u00e9es<\/h3>\n<p>Notre entreprise, nos collaborateurs et notre partenaire pour l\u2019h\u00e9bergement de notre infrastructure faisons le maximum pour assurer la s\u00e9curit\u00e9 de vos donn\u00e9es \u00e0 caract\u00e8re personnel et non personnel collect\u00e9es sur notre site web. Nous optimisons en permanence les processus et les outils afin d\u2019\u00e9viter toute manipulation, modification, intrusion, suppression et transmission intentionnelles ou non intentionnelles, ill\u00e9gales et non autoris\u00e9es de vos donn\u00e9es.<\/p>\n<p>Nos collaborateurs et ceux de nos partenaires sont tenus au secret et au respect des dispositions juridiques de protection des donn\u00e9es.<\/p>\n<p>A savoir qu\u2019une s\u00e9curit\u00e9 absolue sur internet ne peut toutefois pas \u00eatre garantie.<\/p>\n<h3>6. Dur\u00e9e de conservation de vos donn\u00e9es<\/h3>\n<p>Nous conserverons vos Donn\u00e9es personnelles jusqu\u2019\u00e0 ce qu\u2019elles ne soient plus n\u00e9cessaires pour fournir nos services ou remplir les objectifs d\u00e9finis dans la pr\u00e9sente Politique, \u00e0 moins qu\u2019une obligation l\u00e9gale Nous oblige \u00e0 les conserver plus longtemps. Il s\u2019agit d\u2019une d\u00e9cision au cas par cas qui d\u00e9pend d\u2019aspects tels que la nature des donn\u00e9es personnelles, la raison de leur collecte et de leur traitement et les besoins de conservation l\u00e9gaux ou op\u00e9rationnels concern\u00e9s.<\/p>\n<p>Dans certaines circonstances, Nous pouvons anonymiser vos Donn\u00e9es personnelles afin qu\u2019elles ne puissent plus \u00eatre associ\u00e9es avec vous, auquel cas Nous pouvons utiliser ces informations sans vous fournir d\u2019autre pr\u00e9avis.<\/p>\n<h3>7. Vos droits relatifs \u00e0 vos donn\u00e9es \u00e0 caract\u00e8re personnel<\/h3>\n<p>Vos donn\u00e9es \u00e0 caract\u00e8re personnel vous appartiennent. Vous \u00eates \u00e0 tout moment en droit de savoir ce qu\u2019il en est et de d\u00e9cider ce qu\u2019il en advient. En vertu de la loi sur la protection des donn\u00e9es, vous disposez des droits suivants :<\/p>\n<p>Droit d\u2019acc\u00e8s :<\/p>\n<p>Vous avez le droit de savoir \u00e0 tout moment si Froidevaux Immobilier SA traite des donn\u00e9es \u00e0 caract\u00e8re personnel vous appartenant et cas \u00e9ch\u00e9ant lesquelles.<\/p>\n<p>Droit de rectification de vos donn\u00e9es \u00e0 caract\u00e8re personnel :<\/p>\n<p>Vous avez le droit de faire rectifier \u00e0 tout moment vos donn\u00e9es \u00e0 caract\u00e8re personnel si vous remarquez que nous traitons des donn\u00e9es erron\u00e9es vous appartenant.<\/p>\n<p>Droit \u00e0 l\u2019effacement de vos donn\u00e9es \u00e0 caract\u00e8re personnel :<\/p>\n<p>Si le traitement de vos donn\u00e9es \u00e0 caract\u00e8re personnel n\u2019est plus n\u00e9cessaire, par exemple parce que vous n\u2019est plus li\u00e9 par contrat l\u2019agence Froidevaux Immobilier SA ou que vous n\u2019acceptez plus que vos donn\u00e9es \u00e0 caract\u00e8re personnel soient trait\u00e9es, vous pouvez exiger l\u2019effacement de celles-ci. Nous effacerons vos donn\u00e9es \u00e0 caract\u00e8re personnel, pour autant que nous ne soyons plus tenus de les conserver pour une certaine p\u00e9riode, par exemple en vertu d\u2019une obligation l\u00e9gale de conservation.<\/p>\n<p>Droit de restreindre ou de bloquer le traitement de vos donn\u00e9es \u00e0 caract\u00e8re personnel :<\/p>\n<p>Vous avez \u00e0 tout moment le droit de faire restreindre ou bloquer le traitement de vos donn\u00e9es \u00e0 caract\u00e8re personnel, pour autant que nous ne soyons plus tenus de les conserver ou de les traiter pour une certaine p\u00e9riode.<\/p>\n<p>Droit de s\u2019opposer au traitement :<\/p>\n<p>Vous avez le droit de retirer \u00e0 tout moment votre consentement donn\u00e9 quant aux dispositions sur la protection des donn\u00e9es. Un simple courriel envoy\u00e9 \u00e0 <a href=\"mailto:info@froidevaux-immobilier.ch\">info@froidevaux-immobilier.ch<\/a> comprenant l\u2019information de retrait de consentement suffit.<\/p>\n<p>D\u00e9marches \u00e0 adopter suivant la nature de Votre demande :<\/p>\n<p>Renseignement<\/p>\n<ul>\n<li>But de la demande : savoir si Froidevaux Immobilier SA conserve des donn\u00e9es \u00e0 caract\u00e8re personnel sur vous, et le cas \u00e9ch\u00e9ant lesquelles<\/li>\n<li>D\u00e9p\u00f4t de la demande : courriel ou courrier<\/li>\n<\/ul>\n<p>Rectification<\/p>\n<ul>\n<li>But de la demande : faire rectifier les donn\u00e9es \u00e0 caract\u00e8re personnel conserv\u00e9es par Froidevaux Immobilier SA<\/li>\n<li>D\u00e9p\u00f4t de la demande : courriel ou courrier<\/li>\n<\/ul>\n<p>Effacement<\/p>\n<ul>\n<li>But de la demande : faire effacer des donn\u00e9es \u00e0 caract\u00e8re personnel conserv\u00e9es par Froidevaux Immobilier SA<\/li>\n<li>D\u00e9p\u00f4t de la demande : courriel ou courrier<\/li>\n<\/ul>\n<p>Nous contacter :<\/p>\n<ul>\n<li>Par courrier postal : Froidevaux Immobilier SA \u2013 Boulevard de Grancy 32 \u2013 1006 Lausanne<\/li>\n<li>Par courriel : <a href=\"mailto:info@froidevaux-immobilier.ch\">info@froidevaux-immobilier.ch<\/a><\/li>\n<\/ul>\n<h3>8. Informations sur les modifications apport\u00e9es \u00e0 notre politique de confidentialit\u00e9<\/h3>\n<p>La pr\u00e9sente Politique est susceptible d\u2019\u00eatre mise \u00e0 jour sans pr\u00e9avis. Nous nous efforcerons d\u2019attirer votre attention sur toute modification significative mais vous recommandons toutefois de la consulter r\u00e9guli\u00e8rement.<\/p>\n<h3>9. For et droit applicable<\/h3>\n<p>La Politique et toutes questions en d\u00e9coulant ou li\u00e9es \u00e0 celle-ci, ainsi qu\u2019\u00e0 l\u2019utilisation du Site et des Services, sont r\u00e9gies par le droit suisse, \u00e0 l\u2019exclusion des r\u00e8gles en mati\u00e8re de conflit des lois.<\/p>\n<p>Vous acceptez la comp\u00e9tence exclusive des tribunaux du si\u00e8ge de Froidevaux Immobilier SA<\/p>\n<\/div>\n<\/div>\n<\/div>\n<\/div>\t\t\t\t\t\t<\/div>\n\t\t\t\t<\/div>\n\t\t\t\t\t<\/div>\n\t\t<\/div>\n\t\t\t\t\t<\/div>\n\t\t<\/section>\n\t\t\t\t<\/div>","protected":false},"excerpt":{"rendered":"<p>Mentions &emsp;&emsp;&emsp;&emsp;&emsp;l\u00e9gales Sommaire Nous communiquons la pr\u00e9sente d\u00e9claration de confidentialit\u00e9 pour vous aider \u00e0 comprendre ce que nous pouvons faire avec les donn\u00e9es personnelles que nous obtenons par vos soins. En nous fournissant vos donn\u00e9es personnelles, vous signifiez votre acceptation de notre d\u00e9claration de confidentialit\u00e9 et convenez que nous pouvons collecter, utiliser et divulguer vos [&hellip;]<\/p>","protected":false},"author":4,"featured_media":0,"parent":0,"menu_order":0,"comment_status":"closed","ping_status":"closed","template":"elementor_header_footer","meta":{"footnotes":""},"class_list":["post-3","page","type-page","status-publish","hentry"],"_links":{"self":[{"href":"https:\/\/froidevaux-immobilier.ch\/en\/wp-json\/wp\/v2\/pages\/3","targetHints":{"allow":["GET"]}}],"collection":[{"href":"https:\/\/froidevaux-immobilier.ch\/en\/wp-json\/wp\/v2\/pages"}],"about":[{"href":"https:\/\/froidevaux-immobilier.ch\/en\/wp-json\/wp\/v2\/types\/page"}],"author":[{"embeddable":true,"href":"https:\/\/froidevaux-immobilier.ch\/en\/wp-json\/wp\/v2\/users\/4"}],"replies":[{"embeddable":true,"href":"https:\/\/froidevaux-immobilier.ch\/en\/wp-json\/wp\/v2\/comments?post=3"}],"version-history":[{"count":25,"href":"https:\/\/froidevaux-immobilier.ch\/en\/wp-json\/wp\/v2\/pages\/3\/revisions"}],"predecessor-version":[{"id":4754,"href":"https:\/\/froidevaux-immobilier.ch\/en\/wp-json\/wp\/v2\/pages\/3\/revisions\/4754"}],"wp:attachment":[{"href":"https:\/\/froidevaux-immobilier.ch\/en\/wp-json\/wp\/v2\/media?parent=3"}],"curies":[{"name":"wp","href":"https:\/\/api.w.org\/{rel}","templated":true}]}}