{"id":11617,"date":"2024-04-19T09:45:55","date_gmt":"2024-04-19T07:45:55","guid":{"rendered":"https:\/\/froidevaux-immobilier.ch\/?page_id=11617"},"modified":"2024-09-26T11:14:38","modified_gmt":"2024-09-26T09:14:38","slug":"developpement-immobilier","status":"publish","type":"page","link":"https:\/\/froidevaux-immobilier.ch\/en\/developpement-immobilier\/","title":{"rendered":"Real estate development"},"content":{"rendered":"<div data-elementor-type=\"wp-page\" data-elementor-id=\"11617\" class=\"elementor elementor-11617\" data-elementor-post-type=\"page\">\n\t\t\t\t\t\t<section data-particle_enable=\"false\" data-particle-mobile-disabled=\"false\" class=\"elementor-section elementor-top-section elementor-element elementor-element-743bfc5 elementor-section-boxed elementor-section-height-default elementor-section-height-default\" data-id=\"743bfc5\" data-element_type=\"section\" data-settings=\"{&quot;jet_parallax_layout_list&quot;:[],&quot;background_background&quot;:&quot;classic&quot;}\">\n\t\t\t\t\t\t\t<div class=\"elementor-background-overlay\"><\/div>\n\t\t\t\t\t\t\t<div class=\"elementor-container elementor-column-gap-default\">\n\t\t\t\t\t<div class=\"elementor-column elementor-col-50 elementor-top-column elementor-element elementor-element-6e856d4 elementor-hidden-mobile\" data-id=\"6e856d4\" data-element_type=\"column\" data-settings=\"{&quot;background_background&quot;:&quot;classic&quot;}\">\n\t\t\t<div class=\"elementor-widget-wrap elementor-element-populated\">\n\t\t\t\t\t\t<div class=\"elementor-element elementor-element-609a4e6 elementor-widget elementor-widget-spacer\" data-id=\"609a4e6\" data-element_type=\"widget\" data-widget_type=\"spacer.default\">\n\t\t\t\t<div class=\"elementor-widget-container\">\n\t\t\t\t\t<div class=\"elementor-spacer\">\n\t\t\t<div class=\"elementor-spacer-inner\"><\/div>\n\t\t<\/div>\n\t\t\t\t<\/div>\n\t\t\t\t<\/div>\n\t\t\t\t\t<\/div>\n\t\t<\/div>\n\t\t\t\t<div class=\"elementor-column elementor-col-50 elementor-top-column elementor-element elementor-element-845bfa7\" data-id=\"845bfa7\" data-element_type=\"column\" data-settings=\"{&quot;background_background&quot;:&quot;classic&quot;}\">\n\t\t\t<div class=\"elementor-widget-wrap elementor-element-populated\">\n\t\t\t\t\t\t<div class=\"elementor-element elementor-element-4fb3278 elementor-widget elementor-widget-text-editor\" data-id=\"4fb3278\" data-element_type=\"widget\" data-widget_type=\"text-editor.default\">\n\t\t\t\t<div class=\"elementor-widget-container\">\n\t\t\t\t\t\t\t<p>Real estate development<\/p>\t\t\t\t\t\t<\/div>\n\t\t\t\t<\/div>\n\t\t\t\t<div class=\"elementor-element elementor-element-3ba693a elementor-widget elementor-widget-text-editor\" data-id=\"3ba693a\" data-element_type=\"widget\" data-widget_type=\"text-editor.default\">\n\t\t\t\t<div class=\"elementor-widget-container\">\n\t\t\t\t\t\t\t<p>Laissez-nous r\u00e9v\u00e9ler le potentiel de votre terrain, ainsi que sa vraie valeur.<\/p>\t\t\t\t\t\t<\/div>\n\t\t\t\t<\/div>\n\t\t\t\t\t<\/div>\n\t\t<\/div>\n\t\t\t\t\t<\/div>\n\t\t<\/section>\n\t\t\t\t<section data-particle_enable=\"false\" data-particle-mobile-disabled=\"false\" class=\"elementor-section elementor-top-section elementor-element elementor-element-8ad6545 elementor-section-boxed elementor-section-height-default elementor-section-height-default\" data-id=\"8ad6545\" data-element_type=\"section\" data-settings=\"{&quot;jet_parallax_layout_list&quot;:[],&quot;background_background&quot;:&quot;classic&quot;}\">\n\t\t\t\t\t\t<div class=\"elementor-container elementor-column-gap-default\">\n\t\t\t\t\t<div class=\"elementor-column elementor-col-50 elementor-top-column elementor-element elementor-element-2e7ec88\" data-id=\"2e7ec88\" data-element_type=\"column\" data-settings=\"{&quot;background_background&quot;:&quot;classic&quot;}\">\n\t\t\t<div class=\"elementor-widget-wrap elementor-element-populated\">\n\t\t\t\t\t\t<div class=\"elementor-element elementor-element-78c6c64 elementor-widget elementor-widget-text-editor\" data-id=\"78c6c64\" data-element_type=\"widget\" data-widget_type=\"text-editor.default\">\n\t\t\t\t<div class=\"elementor-widget-container\">\n\t\t\t\t\t\t\t<p>Votre terrain vaut plus que vous ne le pensiez<\/p>\t\t\t\t\t\t<\/div>\n\t\t\t\t<\/div>\n\t\t\t\t<div class=\"elementor-element elementor-element-e479c53 elementor-widget elementor-widget-text-editor\" data-id=\"e479c53\" data-element_type=\"widget\" data-widget_type=\"text-editor.default\">\n\t\t\t\t<div class=\"elementor-widget-container\">\n\t\t\t\t\t\t\t<p>Laisser nos expert foncier n\u00e9gocier pour vous.<\/p>\t\t\t\t\t\t<\/div>\n\t\t\t\t<\/div>\n\t\t\t\t<div class=\"elementor-element elementor-element-7e4a4b2 elementor-widget elementor-widget-text-editor\" data-id=\"7e4a4b2\" data-element_type=\"widget\" data-widget_type=\"text-editor.default\">\n\t\t\t\t<div class=\"elementor-widget-container\">\n\t\t\t\t\t\t\t<p><strong>Vous \u00eates propri\u00e9taire d&rsquo;un terrain ou d&rsquo;une parcelle b\u00e2tie avec du potentiel constructible ?<\/strong> Cela tombe bien, car notre mission est de maximiser la vente de votre bien-fonds avec un accompagnement sur-mesure, ind\u00e9pendant et d\u00e9di\u00e9 \u00e0 vos int\u00e9r\u00eats. Forts de notre exp\u00e9rience dans le d\u00e9veloppement de projets fonciers et la n\u00e9gociation de terrains aupr\u00e8s de promoteurs immobiliers, nous vous garantissons d\u2019obtenir l\u2019offre la plus comp\u00e9titive.<\/p><p><strong>Les promoteurs sont souvent pr\u00eats \u00e0 payer plus que les particuliers,<\/strong> car ils valorisent le potentiel de d\u00e9veloppement de votre terrain. Toutefois, les \u00e9carts de prix peuvent \u00eatre importants entre eux. C\u2019est pourquoi nous nous engageons \u00e0 vous offrir une transparence totale et \u00e0 vous placer au c\u0153ur des n\u00e9gociations pour vous assurer la meilleure offre du march\u00e9.<\/p><p><strong>Dans la majorit\u00e9 des cas, nous sommes r\u00e9mun\u00e9r\u00e9s directement par les promoteurs,<\/strong> ce qui signifie que vous n\u2019aurez pas \u00e0 payer de commission de courtage ni de forfait pour nos honoraires. Ce syst\u00e8me est donc tr\u00e8s int\u00e9ressant pour vous, car conserverez ainsi l\u2019int\u00e9gralit\u00e9 du montant de la vente.<\/p>\t\t\t\t\t\t<\/div>\n\t\t\t\t<\/div>\n\t\t\t\t<div class=\"elementor-element elementor-element-eb991bf elementor-absolute elementor-widget elementor-widget-image\" data-id=\"eb991bf\" data-element_type=\"widget\" data-settings=\"{&quot;_position&quot;:&quot;absolute&quot;}\" data-widget_type=\"image.default\">\n\t\t\t\t<div class=\"elementor-widget-container\">\n\t\t\t\t\t\t\t\t\t\t\t\t\t<img decoding=\"async\" src=\"https:\/\/froidevaux-immobilier.ch\/wp-content\/uploads\/2024\/03\/Planification-finance.png\" title=\"\" alt=\"\" loading=\"lazy\" \/>\t\t\t\t\t\t\t\t\t\t\t\t\t<\/div>\n\t\t\t\t<\/div>\n\t\t\t\t\t<\/div>\n\t\t<\/div>\n\t\t\t\t<div class=\"elementor-column elementor-col-50 elementor-top-column elementor-element elementor-element-c8a7cf5\" data-id=\"c8a7cf5\" data-element_type=\"column\" id=\"contact-expert\" data-settings=\"{&quot;background_background&quot;:&quot;classic&quot;}\">\n\t\t\t<div class=\"elementor-widget-wrap elementor-element-populated\">\n\t\t\t\t\t<div class=\"elementor-background-overlay\"><\/div>\n\t\t\t\t\t\t<section data-particle_enable=\"false\" data-particle-mobile-disabled=\"false\" class=\"elementor-section elementor-inner-section elementor-element elementor-element-461d741 elementor-section-boxed elementor-section-height-default elementor-section-height-default\" data-id=\"461d741\" data-element_type=\"section\" data-settings=\"{&quot;jet_parallax_layout_list&quot;:[],&quot;background_background&quot;:&quot;classic&quot;}\">\n\t\t\t\t\t\t<div class=\"elementor-container elementor-column-gap-default\">\n\t\t\t\t\t<div class=\"elementor-column elementor-col-100 elementor-inner-column elementor-element elementor-element-39c5fb6\" data-id=\"39c5fb6\" data-element_type=\"column\" data-settings=\"{&quot;background_background&quot;:&quot;classic&quot;}\">\n\t\t\t<div class=\"elementor-widget-wrap elementor-element-populated\">\n\t\t\t\t\t\t<div class=\"elementor-element elementor-element-d6e2715 elementor-widget elementor-widget-text-editor\" data-id=\"d6e2715\" data-element_type=\"widget\" data-widget_type=\"text-editor.default\">\n\t\t\t\t<div class=\"elementor-widget-container\">\n\t\t\t\t\t\t\t<p>Demandez-nous d&rsquo;\u00e9tudier le potentiel de votre terrain.<\/p>\t\t\t\t\t\t<\/div>\n\t\t\t\t<\/div>\n\t\t\t\t<div class=\"elementor-element elementor-element-a4f0efd elementor-button-align-stretch elementor-widget elementor-widget-form\" data-id=\"a4f0efd\" data-element_type=\"widget\" data-settings=\"{&quot;step_next_label&quot;:&quot;Suivant&quot;,&quot;step_previous_label&quot;:&quot;Pr\\u00e9c\\u00e9dent&quot;,&quot;button_width&quot;:&quot;100&quot;,&quot;step_type&quot;:&quot;number_text&quot;,&quot;step_icon_shape&quot;:&quot;circle&quot;}\" data-widget_type=\"form.default\">\n\t\t\t\t<div class=\"elementor-widget-container\">\n\t\t\t\t\t<form class=\"elementor-form\" method=\"post\" name=\"Nouveau formulaire\" action=\"\">\n\t\t\t<input type=\"hidden\" name=\"post_id\" value=\"11617\"\/>\n\t\t\t<input type=\"hidden\" name=\"form_id\" value=\"a4f0efd\"\/>\n\t\t\t<input type=\"hidden\" name=\"referer_title\" value=\"\" \/>\n\n\t\t\t\n\t\t\t<div class=\"elementor-form-fields-wrapper elementor-labels-above\">\n\t\t\t\t\t\t\t\t<div class=\"elementor-field-type-text elementor-field-group elementor-column elementor-field-group-name elementor-col-100\">\n\t\t\t\t\t\t\t\t\t\t\t\t\t<input size=\"1\" type=\"text\" name=\"form_fields[name]\" id=\"form-field-name\" class=\"elementor-field elementor-size-sm  elementor-field-textual\" placeholder=\"Pr\u00e9nom*\">\n\t\t\t\t\t\t\t\t\t\t\t<\/div>\n\t\t\t\t\t\t\t\t<div class=\"elementor-field-type-text elementor-field-group elementor-column elementor-field-group-email elementor-col-100 elementor-field-required\">\n\t\t\t\t\t\t\t\t\t\t\t\t\t<input size=\"1\" type=\"text\" name=\"form_fields[email]\" id=\"form-field-email\" class=\"elementor-field elementor-size-sm  elementor-field-textual\" placeholder=\"Nom*\" required=\"required\" aria-required=\"true\">\n\t\t\t\t\t\t\t\t\t\t\t<\/div>\n\t\t\t\t\t\t\t\t<div class=\"elementor-field-type-tel elementor-field-group elementor-column elementor-field-group-field_940c874 elementor-col-100 elementor-field-required\">\n\t\t\t\t\t\t\t<input size=\"1\" type=\"tel\" name=\"form_fields[field_940c874]\" id=\"form-field-field_940c874\" class=\"elementor-field elementor-size-sm  elementor-field-textual\" placeholder=\"T\u00e9l\u00e9phone*\" required=\"required\" aria-required=\"true\" pattern=\"[0-9()#&amp;+*-=.]+\" title=\"Only numbers and phone characters (#, -, *, etc) are accepted.\">\n\n\t\t\t\t\t\t<\/div>\n\t\t\t\t\t\t\t\t<div class=\"elementor-field-type-email elementor-field-group elementor-column elementor-field-group-field_e6aa992 elementor-col-100 elementor-field-required\">\n\t\t\t\t\t\t\t\t\t\t\t\t\t<input size=\"1\" type=\"email\" name=\"form_fields[field_e6aa992]\" id=\"form-field-field_e6aa992\" class=\"elementor-field elementor-size-sm  elementor-field-textual\" placeholder=\"Email*\" required=\"required\" aria-required=\"true\">\n\t\t\t\t\t\t\t\t\t\t\t<\/div>\n\t\t\t\t\t\t\t\t<div class=\"elementor-field-type-textarea elementor-field-group elementor-column elementor-field-group-message elementor-col-100\">\n\t\t\t\t\t<textarea class=\"elementor-field-textual elementor-field  elementor-size-sm\" name=\"form_fields[message]\" id=\"form-field-message\" rows=\"4\" placeholder=\"Adresse\"><\/textarea>\t\t\t\t<\/div>\n\t\t\t\t\t\t\t\t<div class=\"elementor-field-type-text elementor-field-group elementor-column elementor-field-group-field_6f52123 elementor-col-25\">\n\t\t\t\t\t\t\t\t\t\t\t\t\t<input size=\"1\" type=\"text\" name=\"form_fields[field_6f52123]\" id=\"form-field-field_6f52123\" class=\"elementor-field elementor-size-sm  elementor-field-textual\" placeholder=\"NPA\">\n\t\t\t\t\t\t\t\t\t\t\t<\/div>\n\t\t\t\t\t\t\t\t<div class=\"elementor-field-type-text elementor-field-group elementor-column elementor-field-group-field_5bf625a elementor-col-75\">\n\t\t\t\t\t\t\t\t\t\t\t\t\t<input size=\"1\" type=\"text\" name=\"form_fields[field_5bf625a]\" id=\"form-field-field_5bf625a\" class=\"elementor-field elementor-size-sm  elementor-field-textual\" placeholder=\"Localit\u00e9\">\n\t\t\t\t\t\t\t\t\t\t\t<\/div>\n\t\t\t\t\t\t\t\t<div class=\"elementor-field-type-text elementor-field-group elementor-column elementor-field-group-field_eac547c elementor-col-100\">\n\t\t\t\t\t\t\t\t\t\t\t\t\t<input size=\"1\" type=\"text\" name=\"form_fields[field_eac547c]\" id=\"form-field-field_eac547c\" class=\"elementor-field elementor-size-sm  elementor-field-textual\" placeholder=\"Num\u00e9ro de parcelle\">\n\t\t\t\t\t\t\t\t\t\t\t<\/div>\n\t\t\t\t\t\t\t\t<div class=\"elementor-field-group elementor-column elementor-field-type-submit elementor-col-100 e-form__buttons\">\n\t\t\t\t\t<button type=\"submit\" class=\"elementor-button elementor-size-sm\">\n\t\t\t\t\t\t<span >\n\t\t\t\t\t\t\t\t\t\t\t\t\t\t\t<span class=\"elementor-button-icon\">\n\t\t\t\t\t\t\t\t\t\t\t\t\t\t\t\t\t\t\t\t\t\t\t\t\t\t<\/span>\n\t\t\t\t\t\t\t\t\t\t\t\t\t\t\t\t\t\t\t\t\t\t<span class=\"elementor-button-text\">Send my request<\/span>\n\t\t\t\t\t\t\t\t\t\t\t\t\t<\/span>\n\t\t\t\t\t<\/button>\n\t\t\t\t<\/div>\n\t\t\t<\/div>\n\t\t<input type=\"hidden\" name=\"trp-form-language\" value=\"en\"\/><\/form>\n\t\t\t\t<\/div>\n\t\t\t\t<\/div>\n\t\t\t\t\t<\/div>\n\t\t<\/div>\n\t\t\t\t\t<\/div>\n\t\t<\/section>\n\t\t\t\t\t<\/div>\n\t\t<\/div>\n\t\t\t\t\t<\/div>\n\t\t<\/section>\n\t\t\t\t<section data-particle_enable=\"false\" data-particle-mobile-disabled=\"false\" class=\"elementor-section elementor-top-section elementor-element elementor-element-7315eac elementor-section-boxed elementor-section-height-default elementor-section-height-default\" data-id=\"7315eac\" data-element_type=\"section\" data-settings=\"{&quot;jet_parallax_layout_list&quot;:[]}\">\n\t\t\t\t\t\t<div class=\"elementor-container elementor-column-gap-default\">\n\t\t\t\t\t<div class=\"elementor-column elementor-col-100 elementor-top-column elementor-element elementor-element-5024e6d\" data-id=\"5024e6d\" data-element_type=\"column\" data-settings=\"{&quot;background_background&quot;:&quot;classic&quot;}\">\n\t\t\t<div class=\"elementor-widget-wrap elementor-element-populated\">\n\t\t\t\t\t\t<div class=\"elementor-element elementor-element-3572be2 elementor-widget elementor-widget-text-editor\" data-id=\"3572be2\" data-element_type=\"widget\" data-widget_type=\"text-editor.default\">\n\t\t\t\t<div class=\"elementor-widget-container\">\n\t\t\t\t\t\t\t<p>Les avantages de vendre \u00e0 un promoteur :<\/p>\t\t\t\t\t\t<\/div>\n\t\t\t\t<\/div>\n\t\t\t\t<div class=\"elementor-element elementor-element-38182cb elementor-widget elementor-widget-text-editor\" data-id=\"38182cb\" data-element_type=\"widget\" data-widget_type=\"text-editor.default\">\n\t\t\t\t<div class=\"elementor-widget-container\">\n\t\t\t\t\t\t\t<p>Vendre \u00e0 un promoteur pr\u00e9sente plusieurs avantages. D&rsquo;abord, sur le plan financier, ils peuvent offrir un prix sup\u00e9rieur \u00e0 celui du march\u00e9 r\u00e9sidentiel, car ils prennent en compte le potentiel de d\u00e9veloppement du terrain. De plus, ce type de vente simplifie consid\u00e9rablement le processus, en \u00e9liminant la n\u00e9cessit\u00e9 de pr\u00e9parer la maison, de faire des r\u00e9parations ou d&rsquo;accueillir de nombreuses visites. Enfin, les promoteurs sont souvent capables de finaliser rapidement les transactions, un atout majeur pour ceux qui souhaitent vendre dans un court d\u00e9lai.<\/p>\t\t\t\t\t\t<\/div>\n\t\t\t\t<\/div>\n\t\t\t\t\t<\/div>\n\t\t<\/div>\n\t\t\t\t\t<\/div>\n\t\t<\/section>\n\t\t\t\t<section data-particle_enable=\"false\" data-particle-mobile-disabled=\"false\" class=\"elementor-section elementor-top-section elementor-element elementor-element-98d7051 elementor-section-boxed elementor-section-height-default elementor-section-height-default\" data-id=\"98d7051\" data-element_type=\"section\" data-settings=\"{&quot;jet_parallax_layout_list&quot;:[]}\">\n\t\t\t\t\t\t<div class=\"elementor-container elementor-column-gap-default\">\n\t\t\t\t\t<div class=\"elementor-column elementor-col-100 elementor-top-column elementor-element elementor-element-54cd108\" data-id=\"54cd108\" data-element_type=\"column\" data-settings=\"{&quot;background_background&quot;:&quot;classic&quot;}\">\n\t\t\t<div class=\"elementor-widget-wrap elementor-element-populated\">\n\t\t\t\t\t\t<div class=\"elementor-element elementor-element-ef350a4 elementor-widget elementor-widget-text-editor\" data-id=\"ef350a4\" data-element_type=\"widget\" data-widget_type=\"text-editor.default\">\n\t\t\t\t<div class=\"elementor-widget-container\">\n\t\t\t\t\t\t\t<p>Vendre votre terrain au meilleur prix en 5 \u00e9tapes :<\/p>\t\t\t\t\t\t<\/div>\n\t\t\t\t<\/div>\n\t\t\t\t<div class=\"elementor-element elementor-element-233a5f3 elementor-widget elementor-widget-text-editor\" data-id=\"233a5f3\" data-element_type=\"widget\" data-widget_type=\"text-editor.default\">\n\t\t\t\t<div class=\"elementor-widget-container\">\n\t\t\t\t\t\t\t<ul>\n<li>\n<p><strong>Contactez-nous pour un premier entretien<\/strong> : Discutez de vos attentes et des possibilit\u00e9s offertes pour maximiser la valeur de votre terrain.<\/p>\n<\/li>\n<li>\n<p><strong>Analyse approfondie du potentiel de votre bien<\/strong> : Nous r\u00e9alisons une \u00e9tude d\u00e9taill\u00e9e pour d\u00e9terminer le potentiel de d\u00e9veloppement de votre terrain, accompagn\u00e9e d&rsquo;un rapport complet.<\/p>\n<\/li>\n<li>\n<p><strong>Commercialisation aupr\u00e8s des promoteurs fiables<\/strong> : Nous soumettons votre terrain aupr\u00e8s des promoteurs s\u00e9rieux et actifs sur le march\u00e9, afin de recevoir plusieurs offres concurrentielles.<\/p>\n<\/li>\n<li>\n<p><strong>\u00c9tude des offres et conseil personnalis\u00e9<\/strong> : Nous vous accompagnons dans l&rsquo;analyse des offres et des conditions, en vous fournissant des conseils sur-mesure pour optimiser votre vente.<\/p>\n<\/li>\n<li>\n<p><strong>Signature chez le notaire et maximisation de votre profit<\/strong> : Une fois la meilleure offre accept\u00e9e, nous vous assistons dans les d\u00e9marches de vente jusqu&rsquo;\u00e0 la signature chez le notaire. Avec nous, votre seul \u00ab\u00a0risque\u00a0\u00bb est de vendre votre terrain au meilleur prix possible.<\/p>\n<\/li>\n<\/ul>\t\t\t\t\t\t<\/div>\n\t\t\t\t<\/div>\n\t\t\t\t\t<\/div>\n\t\t<\/div>\n\t\t\t\t\t<\/div>\n\t\t<\/section>\n\t\t\t\t<section data-particle_enable=\"false\" data-particle-mobile-disabled=\"false\" class=\"elementor-section elementor-top-section elementor-element elementor-element-a33126d elementor-section-boxed elementor-section-height-default elementor-section-height-default\" data-id=\"a33126d\" data-element_type=\"section\" data-settings=\"{&quot;jet_parallax_layout_list&quot;:[]}\">\n\t\t\t\t\t\t<div class=\"elementor-container elementor-column-gap-default\">\n\t\t\t\t\t<div class=\"elementor-column elementor-col-100 elementor-top-column elementor-element elementor-element-75d1297\" data-id=\"75d1297\" data-element_type=\"column\" data-settings=\"{&quot;background_background&quot;:&quot;classic&quot;}\">\n\t\t\t<div class=\"elementor-widget-wrap elementor-element-populated\">\n\t\t\t\t\t\t<div class=\"elementor-element elementor-element-457b6b2 elementor-widget elementor-widget-text-editor\" data-id=\"457b6b2\" data-element_type=\"widget\" data-widget_type=\"text-editor.default\">\n\t\t\t\t<div class=\"elementor-widget-container\">\n\t\t\t\t\t\t\t<p>Vous avez un projet de promotion immobili\u00e8re ?<\/p>\t\t\t\t\t\t<\/div>\n\t\t\t\t<\/div>\n\t\t\t\t<div class=\"elementor-element elementor-element-d5ccba6 elementor-widget elementor-widget-text-editor\" data-id=\"d5ccba6\" data-element_type=\"widget\" data-widget_type=\"text-editor.default\">\n\t\t\t\t<div class=\"elementor-widget-container\">\n\t\t\t\t\t\t\t<p><strong>Nous vous accompagnons \u00e0 chaque \u00e9tape, de la conception du projet \u00e0 la vente de tous les lots.<\/strong> Gr\u00e2ce \u00e0 notre expertise et notre connaissance approfondie du march\u00e9, nous \u00e9laborons des strat\u00e9gies de commercialisation sur mesure. Nous d\u00e9finissons ensemble vos objectifs de vente en fixant le prix, le calendrier, et le phasage ad\u00e9quats. Ensuite, nous \u00e9tablissons une strat\u00e9gie de vente efficace, en veillant \u00e0 ce que l&rsquo;offre r\u00e9ponde \u00e0 la demande et soit adapt\u00e9e \u00e0 l&rsquo;environnement du projet. En ciblant pr\u00e9cis\u00e9ment la client\u00e8le et en ajustant les prix en fonction du march\u00e9, nous maximisons vos chances de succ\u00e8s.<\/p>\t\t\t\t\t\t<\/div>\n\t\t\t\t<\/div>\n\t\t\t\t\t<\/div>\n\t\t<\/div>\n\t\t\t\t\t<\/div>\n\t\t<\/section>\n\t\t\t\t<section data-particle_enable=\"false\" data-particle-mobile-disabled=\"false\" class=\"elementor-section elementor-top-section elementor-element elementor-element-afa5343 elementor-section-boxed elementor-section-height-default elementor-section-height-default\" data-id=\"afa5343\" data-element_type=\"section\" data-settings=\"{&quot;jet_parallax_layout_list&quot;:[]}\">\n\t\t\t\t\t\t<div class=\"elementor-container elementor-column-gap-default\">\n\t\t\t\t\t<div class=\"elementor-column elementor-col-100 elementor-top-column elementor-element elementor-element-d6186ee\" data-id=\"d6186ee\" data-element_type=\"column\" data-settings=\"{&quot;background_background&quot;:&quot;classic&quot;}\">\n\t\t\t<div class=\"elementor-widget-wrap elementor-element-populated\">\n\t\t\t\t\t\t<div class=\"elementor-element elementor-element-d3ca895 elementor-widget elementor-widget-text-editor\" data-id=\"d3ca895\" data-element_type=\"widget\" data-widget_type=\"text-editor.default\">\n\t\t\t\t<div class=\"elementor-widget-container\">\n\t\t\t\t\t\t\t<p>D\u00e9veloppons ensemble vos projets immobiliers.<\/p>\t\t\t\t\t\t<\/div>\n\t\t\t\t<\/div>\n\t\t\t\t<div class=\"elementor-element elementor-element-74b70f9 elementor-widget elementor-widget-text-editor\" data-id=\"74b70f9\" data-element_type=\"widget\" data-widget_type=\"text-editor.default\">\n\t\t\t\t<div class=\"elementor-widget-container\">\n\t\t\t\t\t\t\t<p>Nos professionnels vous rencontrent pour une \u00e9tude de votre projet.<\/p>\t\t\t\t\t\t<\/div>\n\t\t\t\t<\/div>\n\t\t\t\t<section data-particle_enable=\"false\" data-particle-mobile-disabled=\"false\" class=\"elementor-section elementor-inner-section elementor-element elementor-element-2591b4d elementor-section-full_width elementor-section-height-default elementor-section-height-default\" data-id=\"2591b4d\" data-element_type=\"section\" data-settings=\"{&quot;jet_parallax_layout_list&quot;:[]}\">\n\t\t\t\t\t\t<div class=\"elementor-container elementor-column-gap-default\">\n\t\t\t\t\t<div class=\"elementor-column elementor-col-100 elementor-inner-column elementor-element elementor-element-e9a6d6a\" data-id=\"e9a6d6a\" data-element_type=\"column\">\n\t\t\t<div class=\"elementor-widget-wrap elementor-element-populated\">\n\t\t\t\t\t\t<div class=\"elementor-element elementor-element-9f5c953 elementor-widget elementor-widget-text-editor\" data-id=\"9f5c953\" data-element_type=\"widget\" data-widget_type=\"text-editor.default\">\n\t\t\t\t<div class=\"elementor-widget-container\">\n\t\t\t\t\t\t\t<p>Froidevaux Immobilier SA<\/p>\t\t\t\t\t\t<\/div>\n\t\t\t\t<\/div>\n\t\t\t\t<div class=\"elementor-element elementor-element-9ad3c16 elementor-widget elementor-widget-text-editor\" data-id=\"9ad3c16\" data-element_type=\"widget\" data-widget_type=\"text-editor.default\">\n\t\t\t\t<div class=\"elementor-widget-container\">\n\t\t\t\t\t\t\t<p>Boulevard de Grancy 32, 1006 Lausanne<br \/>info@froidevaux-immobilier.ch<br \/>021 510 33 33<\/p>\t\t\t\t\t\t<\/div>\n\t\t\t\t<\/div>\n\t\t\t\t\t<\/div>\n\t\t<\/div>\n\t\t\t\t\t<\/div>\n\t\t<\/section>\n\t\t\t\t\t<\/div>\n\t\t<\/div>\n\t\t\t\t\t<\/div>\n\t\t<\/section>\n\t\t\t\t<\/div>","protected":false},"excerpt":{"rendered":"<p>D\u00e9veloppement Immobilier Laissez-nous r\u00e9v\u00e9ler le potentiel de votre terrain, ainsi que sa vraie valeur. Votre terrain vaut plus que vous ne le pensiez Laisser nos expert foncier n\u00e9gocier pour vous. Vous \u00eates propri\u00e9taire d&rsquo;un terrain ou d&rsquo;une parcelle b\u00e2tie avec du potentiel constructible ? Cela tombe bien, car notre mission est de maximiser la vente [&hellip;]<\/p>","protected":false},"author":4,"featured_media":0,"parent":0,"menu_order":0,"comment_status":"closed","ping_status":"closed","template":"","meta":{"footnotes":""},"class_list":["post-11617","page","type-page","status-publish","hentry"],"_links":{"self":[{"href":"https:\/\/froidevaux-immobilier.ch\/en\/wp-json\/wp\/v2\/pages\/11617","targetHints":{"allow":["GET"]}}],"collection":[{"href":"https:\/\/froidevaux-immobilier.ch\/en\/wp-json\/wp\/v2\/pages"}],"about":[{"href":"https:\/\/froidevaux-immobilier.ch\/en\/wp-json\/wp\/v2\/types\/page"}],"author":[{"embeddable":true,"href":"https:\/\/froidevaux-immobilier.ch\/en\/wp-json\/wp\/v2\/users\/4"}],"replies":[{"embeddable":true,"href":"https:\/\/froidevaux-immobilier.ch\/en\/wp-json\/wp\/v2\/comments?post=11617"}],"version-history":[{"count":58,"href":"https:\/\/froidevaux-immobilier.ch\/en\/wp-json\/wp\/v2\/pages\/11617\/revisions"}],"predecessor-version":[{"id":12105,"href":"https:\/\/froidevaux-immobilier.ch\/en\/wp-json\/wp\/v2\/pages\/11617\/revisions\/12105"}],"wp:attachment":[{"href":"https:\/\/froidevaux-immobilier.ch\/en\/wp-json\/wp\/v2\/media?parent=11617"}],"curies":[{"name":"wp","href":"https:\/\/api.w.org\/{rel}","templated":true}]}}