{"id":10245,"date":"2024-03-05T14:45:47","date_gmt":"2024-03-05T13:45:47","guid":{"rendered":"https:\/\/froidevaux-immobilier.ch\/?page_id=10245"},"modified":"2024-03-09T15:59:01","modified_gmt":"2024-03-09T14:59:01","slug":"planification-financiere","status":"publish","type":"page","link":"https:\/\/froidevaux-immobilier.ch\/en\/planification-financiere\/","title":{"rendered":"Planification financi\u00e8re"},"content":{"rendered":"<div data-elementor-type=\"wp-page\" data-elementor-id=\"10245\" class=\"elementor elementor-10245\" data-elementor-post-type=\"page\">\n\t\t\t\t\t\t<section data-particle_enable=\"false\" data-particle-mobile-disabled=\"false\" class=\"elementor-section elementor-top-section elementor-element elementor-element-743bfc5 elementor-section-boxed elementor-section-height-default elementor-section-height-default\" data-id=\"743bfc5\" data-element_type=\"section\" data-settings=\"{&quot;jet_parallax_layout_list&quot;:[],&quot;background_background&quot;:&quot;classic&quot;}\">\n\t\t\t\t\t\t\t<div class=\"elementor-background-overlay\"><\/div>\n\t\t\t\t\t\t\t<div class=\"elementor-container elementor-column-gap-default\">\n\t\t\t\t\t<div class=\"elementor-column elementor-col-50 elementor-top-column elementor-element elementor-element-6e856d4 elementor-hidden-mobile\" data-id=\"6e856d4\" data-element_type=\"column\" data-settings=\"{&quot;background_background&quot;:&quot;classic&quot;}\">\n\t\t\t<div class=\"elementor-widget-wrap elementor-element-populated\">\n\t\t\t\t\t\t<div class=\"elementor-element elementor-element-609a4e6 elementor-widget elementor-widget-spacer\" data-id=\"609a4e6\" data-element_type=\"widget\" data-widget_type=\"spacer.default\">\n\t\t\t\t<div class=\"elementor-widget-container\">\n\t\t\t\t\t<div class=\"elementor-spacer\">\n\t\t\t<div class=\"elementor-spacer-inner\"><\/div>\n\t\t<\/div>\n\t\t\t\t<\/div>\n\t\t\t\t<\/div>\n\t\t\t\t\t<\/div>\n\t\t<\/div>\n\t\t\t\t<div class=\"elementor-column elementor-col-50 elementor-top-column elementor-element elementor-element-845bfa7\" data-id=\"845bfa7\" data-element_type=\"column\" data-settings=\"{&quot;background_background&quot;:&quot;classic&quot;}\">\n\t\t\t<div class=\"elementor-widget-wrap elementor-element-populated\">\n\t\t\t\t\t\t<div class=\"elementor-element elementor-element-4fb3278 elementor-widget elementor-widget-text-editor\" data-id=\"4fb3278\" data-element_type=\"widget\" data-widget_type=\"text-editor.default\">\n\t\t\t\t<div class=\"elementor-widget-container\">\n\t\t\t\t\t\t\t<p>Planification financi\u00e8re<\/p>\t\t\t\t\t\t<\/div>\n\t\t\t\t<\/div>\n\t\t\t\t<div class=\"elementor-element elementor-element-3ba693a elementor-widget elementor-widget-text-editor\" data-id=\"3ba693a\" data-element_type=\"widget\" data-widget_type=\"text-editor.default\">\n\t\t\t\t<div class=\"elementor-widget-container\">\n\t\t\t\t\t\t\t<p>Planification financi\u00e8re : strat\u00e9gie incontournable pour objectifs, gestion des revenus, d\u00e9penses, investissements et risques, d\u00e9cisive pour la r\u00e9ussite financi\u00e8re \u00e0 court et \u00e0 long terme.<\/p>\t\t\t\t\t\t<\/div>\n\t\t\t\t<\/div>\n\t\t\t\t\t<\/div>\n\t\t<\/div>\n\t\t\t\t\t<\/div>\n\t\t<\/section>\n\t\t\t\t<section data-particle_enable=\"false\" data-particle-mobile-disabled=\"false\" class=\"elementor-section elementor-top-section elementor-element elementor-element-8ad6545 elementor-section-boxed elementor-section-height-default elementor-section-height-default\" data-id=\"8ad6545\" data-element_type=\"section\" data-settings=\"{&quot;jet_parallax_layout_list&quot;:[],&quot;background_background&quot;:&quot;classic&quot;}\">\n\t\t\t\t\t\t<div class=\"elementor-container elementor-column-gap-default\">\n\t\t\t\t\t<div class=\"elementor-column elementor-col-50 elementor-top-column elementor-element elementor-element-2e7ec88\" data-id=\"2e7ec88\" data-element_type=\"column\" data-settings=\"{&quot;background_background&quot;:&quot;classic&quot;}\">\n\t\t\t<div class=\"elementor-widget-wrap elementor-element-populated\">\n\t\t\t\t\t\t<div class=\"elementor-element elementor-element-78c6c64 elementor-widget elementor-widget-text-editor\" data-id=\"78c6c64\" data-element_type=\"widget\" data-widget_type=\"text-editor.default\">\n\t\t\t\t<div class=\"elementor-widget-container\">\n\t\t\t\t\t\t\t<p>Planifiez votre succ\u00e8s financier.<\/p>\t\t\t\t\t\t<\/div>\n\t\t\t\t<\/div>\n\t\t\t\t<div class=\"elementor-element elementor-element-e479c53 elementor-widget elementor-widget-text-editor\" data-id=\"e479c53\" data-element_type=\"widget\" data-widget_type=\"text-editor.default\">\n\t\t\t\t<div class=\"elementor-widget-container\">\n\t\t\t\t\t\t\t<p>Strat\u00e9gies pour une croissance financi\u00e8re optimale.<\/p>\t\t\t\t\t\t<\/div>\n\t\t\t\t<\/div>\n\t\t\t\t<div class=\"elementor-element elementor-element-7e4a4b2 elementor-widget elementor-widget-text-editor\" data-id=\"7e4a4b2\" data-element_type=\"widget\" data-widget_type=\"text-editor.default\">\n\t\t\t\t<div class=\"elementor-widget-container\">\n\t\t\t\t\t\t\t<p>Pour optimiser votre croissance financi\u00e8re, il est essentiel d&rsquo;adopter des strat\u00e9gies bien pens\u00e9es. Cela peut inclure la diversification de vos investissements, la recherche de sources de revenus suppl\u00e9mentaires, ou encore la gestion prudente de vos d\u00e9penses. En d\u00e9veloppant une approche proactive et en restant attentif aux opportunit\u00e9s, vous pouvez maximiser votre potentiel financier et vous rapprocher de vos objectifs de richesse et de prosp\u00e9rit\u00e9.<\/p><p>Avoir une bonne strat\u00e9gie pour ses biens immobiliers est \u00e9galement crucial. En tant qu&rsquo;experts en immobilier, nous comptons dans nos \u00e9quipes des experts en immobilier, des conseillers financiers avec brevet f\u00e9d\u00e9ral, ainsi que plusieurs partenaires bancaires et avocats, tous sp\u00e9cialis\u00e9s dans leur domaine. Toutes ces comp\u00e9tences r\u00e9unies chez Froidevaux Immobilier permettent \u00e0 nos clients d&rsquo;avoir une vision \u00e0 360 degr\u00e9s de leur situation avec un seul interm\u00e9diaire.<\/p>\t\t\t\t\t\t<\/div>\n\t\t\t\t<\/div>\n\t\t\t\t<div class=\"elementor-element elementor-element-eb991bf elementor-absolute elementor-widget elementor-widget-image\" data-id=\"eb991bf\" data-element_type=\"widget\" data-settings=\"{&quot;_position&quot;:&quot;absolute&quot;}\" data-widget_type=\"image.default\">\n\t\t\t\t<div class=\"elementor-widget-container\">\n\t\t\t\t\t\t\t\t\t\t\t\t\t<img decoding=\"async\" src=\"https:\/\/froidevaux-immobilier.ch\/wp-content\/uploads\/2024\/03\/Planification-finance.png\" title=\"\" alt=\"\" loading=\"lazy\" \/>\t\t\t\t\t\t\t\t\t\t\t\t\t<\/div>\n\t\t\t\t<\/div>\n\t\t\t\t\t<\/div>\n\t\t<\/div>\n\t\t\t\t<div class=\"elementor-column elementor-col-50 elementor-top-column elementor-element elementor-element-c8a7cf5\" data-id=\"c8a7cf5\" data-element_type=\"column\" id=\"contact-expert\" data-settings=\"{&quot;background_background&quot;:&quot;classic&quot;}\">\n\t\t\t<div class=\"elementor-widget-wrap elementor-element-populated\">\n\t\t\t\t\t<div class=\"elementor-background-overlay\"><\/div>\n\t\t\t\t\t\t<section data-particle_enable=\"false\" data-particle-mobile-disabled=\"false\" class=\"elementor-section elementor-inner-section elementor-element elementor-element-461d741 elementor-section-boxed elementor-section-height-default elementor-section-height-default\" data-id=\"461d741\" data-element_type=\"section\" data-settings=\"{&quot;jet_parallax_layout_list&quot;:[],&quot;background_background&quot;:&quot;classic&quot;}\">\n\t\t\t\t\t\t<div class=\"elementor-container elementor-column-gap-default\">\n\t\t\t\t\t<div class=\"elementor-column elementor-col-100 elementor-inner-column elementor-element elementor-element-39c5fb6\" data-id=\"39c5fb6\" data-element_type=\"column\" data-settings=\"{&quot;background_background&quot;:&quot;classic&quot;}\">\n\t\t\t<div class=\"elementor-widget-wrap elementor-element-populated\">\n\t\t\t\t\t\t<div class=\"elementor-element elementor-element-d6e2715 elementor-widget elementor-widget-text-editor\" data-id=\"d6e2715\" data-element_type=\"widget\" data-widget_type=\"text-editor.default\">\n\t\t\t\t<div class=\"elementor-widget-container\">\n\t\t\t\t\t\t\t<p>Prendre contact pour une planification financi\u00e8re<\/p>\t\t\t\t\t\t<\/div>\n\t\t\t\t<\/div>\n\t\t\t\t<div class=\"elementor-element elementor-element-a4f0efd elementor-button-align-stretch elementor-widget elementor-widget-form\" data-id=\"a4f0efd\" data-element_type=\"widget\" data-settings=\"{&quot;step_next_label&quot;:&quot;Suivant&quot;,&quot;step_previous_label&quot;:&quot;Pr\\u00e9c\\u00e9dent&quot;,&quot;button_width&quot;:&quot;100&quot;,&quot;step_type&quot;:&quot;number_text&quot;,&quot;step_icon_shape&quot;:&quot;circle&quot;}\" data-widget_type=\"form.default\">\n\t\t\t\t<div class=\"elementor-widget-container\">\n\t\t\t\t\t<form class=\"elementor-form\" method=\"post\" name=\"Nouveau formulaire\" action=\"\">\n\t\t\t<input type=\"hidden\" name=\"post_id\" value=\"10245\"\/>\n\t\t\t<input type=\"hidden\" name=\"form_id\" value=\"a4f0efd\"\/>\n\t\t\t<input type=\"hidden\" name=\"referer_title\" value=\"\" \/>\n\n\t\t\t\n\t\t\t<div class=\"elementor-form-fields-wrapper elementor-labels-above\">\n\t\t\t\t\t\t\t\t<div class=\"elementor-field-type-text elementor-field-group elementor-column elementor-field-group-name elementor-col-100\">\n\t\t\t\t\t\t\t\t\t\t\t\t\t<input size=\"1\" type=\"text\" name=\"form_fields[name]\" id=\"form-field-name\" class=\"elementor-field elementor-size-sm  elementor-field-textual\" placeholder=\"Pr\u00e9nom*\">\n\t\t\t\t\t\t\t\t\t\t\t<\/div>\n\t\t\t\t\t\t\t\t<div class=\"elementor-field-type-text elementor-field-group elementor-column elementor-field-group-email elementor-col-100 elementor-field-required\">\n\t\t\t\t\t\t\t\t\t\t\t\t\t<input size=\"1\" type=\"text\" name=\"form_fields[email]\" id=\"form-field-email\" class=\"elementor-field elementor-size-sm  elementor-field-textual\" placeholder=\"Nom*\" required=\"required\" aria-required=\"true\">\n\t\t\t\t\t\t\t\t\t\t\t<\/div>\n\t\t\t\t\t\t\t\t<div class=\"elementor-field-type-tel elementor-field-group elementor-column elementor-field-group-field_940c874 elementor-col-100 elementor-field-required\">\n\t\t\t\t\t\t\t<input size=\"1\" type=\"tel\" name=\"form_fields[field_940c874]\" id=\"form-field-field_940c874\" class=\"elementor-field elementor-size-sm  elementor-field-textual\" placeholder=\"T\u00e9l\u00e9phone*\" required=\"required\" aria-required=\"true\" pattern=\"[0-9()#&amp;+*-=.]+\" title=\"Only numbers and phone characters (#, -, *, etc) are accepted.\">\n\n\t\t\t\t\t\t<\/div>\n\t\t\t\t\t\t\t\t<div class=\"elementor-field-type-email elementor-field-group elementor-column elementor-field-group-field_e6aa992 elementor-col-100 elementor-field-required\">\n\t\t\t\t\t\t\t\t\t\t\t\t\t<input size=\"1\" type=\"email\" name=\"form_fields[field_e6aa992]\" id=\"form-field-field_e6aa992\" class=\"elementor-field elementor-size-sm  elementor-field-textual\" placeholder=\"Email*\" required=\"required\" aria-required=\"true\">\n\t\t\t\t\t\t\t\t\t\t\t<\/div>\n\t\t\t\t\t\t\t\t<div class=\"elementor-field-type-textarea elementor-field-group elementor-column elementor-field-group-message elementor-col-100\">\n\t\t\t\t\t<textarea class=\"elementor-field-textual elementor-field  elementor-size-sm\" name=\"form_fields[message]\" id=\"form-field-message\" rows=\"4\" placeholder=\"Adresse\"><\/textarea>\t\t\t\t<\/div>\n\t\t\t\t\t\t\t\t<div class=\"elementor-field-type-text elementor-field-group elementor-column elementor-field-group-field_6f52123 elementor-col-25\">\n\t\t\t\t\t\t\t\t\t\t\t\t\t<input size=\"1\" type=\"text\" name=\"form_fields[field_6f52123]\" id=\"form-field-field_6f52123\" class=\"elementor-field elementor-size-sm  elementor-field-textual\" placeholder=\"NPA\">\n\t\t\t\t\t\t\t\t\t\t\t<\/div>\n\t\t\t\t\t\t\t\t<div class=\"elementor-field-type-text elementor-field-group elementor-column elementor-field-group-field_5bf625a elementor-col-75\">\n\t\t\t\t\t\t\t\t\t\t\t\t\t<input size=\"1\" type=\"text\" name=\"form_fields[field_5bf625a]\" id=\"form-field-field_5bf625a\" class=\"elementor-field elementor-size-sm  elementor-field-textual\" placeholder=\"Localit\u00e9\">\n\t\t\t\t\t\t\t\t\t\t\t<\/div>\n\t\t\t\t\t\t\t\t<div class=\"elementor-field-group elementor-column elementor-field-type-submit elementor-col-100 e-form__buttons\">\n\t\t\t\t\t<button type=\"submit\" class=\"elementor-button elementor-size-sm\">\n\t\t\t\t\t\t<span >\n\t\t\t\t\t\t\t\t\t\t\t\t\t\t\t<span class=\"elementor-button-icon\">\n\t\t\t\t\t\t\t\t\t\t\t\t\t\t\t\t\t\t\t\t\t\t\t\t\t\t<\/span>\n\t\t\t\t\t\t\t\t\t\t\t\t\t\t\t\t\t\t\t\t\t\t<span class=\"elementor-button-text\">Send my request<\/span>\n\t\t\t\t\t\t\t\t\t\t\t\t\t<\/span>\n\t\t\t\t\t<\/button>\n\t\t\t\t<\/div>\n\t\t\t<\/div>\n\t\t<input type=\"hidden\" name=\"trp-form-language\" value=\"en\"\/><\/form>\n\t\t\t\t<\/div>\n\t\t\t\t<\/div>\n\t\t\t\t\t<\/div>\n\t\t<\/div>\n\t\t\t\t\t<\/div>\n\t\t<\/section>\n\t\t\t\t\t<\/div>\n\t\t<\/div>\n\t\t\t\t\t<\/div>\n\t\t<\/section>\n\t\t\t\t<section data-particle_enable=\"false\" data-particle-mobile-disabled=\"false\" class=\"elementor-section elementor-top-section elementor-element elementor-element-7315eac elementor-section-boxed elementor-section-height-default elementor-section-height-default\" data-id=\"7315eac\" data-element_type=\"section\" data-settings=\"{&quot;jet_parallax_layout_list&quot;:[]}\">\n\t\t\t\t\t\t<div class=\"elementor-container elementor-column-gap-default\">\n\t\t\t\t\t<div class=\"elementor-column elementor-col-100 elementor-top-column elementor-element elementor-element-5024e6d\" data-id=\"5024e6d\" data-element_type=\"column\" data-settings=\"{&quot;background_background&quot;:&quot;classic&quot;}\">\n\t\t\t<div class=\"elementor-widget-wrap elementor-element-populated\">\n\t\t\t\t\t\t<div class=\"elementor-element elementor-element-3572be2 elementor-widget elementor-widget-text-editor\" data-id=\"3572be2\" data-element_type=\"widget\" data-widget_type=\"text-editor.default\">\n\t\t\t\t<div class=\"elementor-widget-container\">\n\t\t\t\t\t\t\t<p>Comment effectuer une planification financi\u00e8re ?<\/p>\t\t\t\t\t\t<\/div>\n\t\t\t\t<\/div>\n\t\t\t\t<div class=\"elementor-element elementor-element-38182cb elementor-widget elementor-widget-text-editor\" data-id=\"38182cb\" data-element_type=\"widget\" data-widget_type=\"text-editor.default\">\n\t\t\t\t<div class=\"elementor-widget-container\">\n\t\t\t\t\t\t\t<ol><li><p><strong>D\u00e9finissez des objectifs financiers pr\u00e9cis :<\/strong> Identifiez clairement ce que vous souhaitez accomplir sur le plan financier \u00e0 court, moyen et long terme, comme l&rsquo;achat d&rsquo;une maison ou la constitution d&rsquo;un fonds de retraite.<\/p><\/li><li><p><strong>\u00c9valuer votre situation financi\u00e8re actuelle :<\/strong> Faites un bilan complet de vos revenus, d\u00e9penses, actifs et dettes pour comprendre votre situation financi\u00e8re actuelle.<\/p><\/li><li><p><strong>\u00c9tablissez un budget r\u00e9aliste :<\/strong> Cr\u00e9ez un budget qui vous permettra de g\u00e9rer vos d\u00e9penses tout en \u00e9pargnant et en investissant de mani\u00e8re strat\u00e9gique pour atteindre vos objectifs.<\/p><\/li><li><p><strong>Explorez les meilleures options d&rsquo;\u00e9pargne et d&rsquo;investissement :<\/strong> Recherchez les diff\u00e9rentes possibilit\u00e9s d&rsquo;\u00e9pargne et d&rsquo;investissement, telles que les comptes d&rsquo;\u00e9pargne, les actions ou les fonds communs de placement, en fonction de vos objectifs et de votre tol\u00e9rance au risque.<\/p><\/li><li><p><strong>Prot\u00e9gez-vous contre les risques financiers :<\/strong> Souscrivez des assurances adapt\u00e9es pour vous prot\u00e9ger contre les impr\u00e9vus, tels que les accidents, les maladies graves ou le d\u00e9c\u00e8s, afin de s\u00e9curiser votre avenir financier.<\/p><\/li><li><p><strong>R\u00e9visez r\u00e9guli\u00e8rement votre plan financier :<\/strong> Adaptez votre plan en fonction des changements dans votre vie et vos objectifs financiers, et ajustez-le r\u00e9guli\u00e8rement pour qu&rsquo;il reste align\u00e9 sur vos besoins.<br \/><br \/><\/p><\/li><\/ol><p>N&rsquo;oubliez pas que consulter un professionnel de la planification financi\u00e8re peut \u00e9galement \u00eatre b\u00e9n\u00e9fique pour obtenir des conseils personnalis\u00e9s et optimiser votre strat\u00e9gie financi\u00e8re. Chez Froidevaux Immobilier, nous sommes \u00e0 votre disposition pour en discuter et planifier avec vous la meilleure strat\u00e9gie financi\u00e8re adapt\u00e9e \u00e0 votre situation.<\/p>\t\t\t\t\t\t<\/div>\n\t\t\t\t<\/div>\n\t\t\t\t\t<\/div>\n\t\t<\/div>\n\t\t\t\t\t<\/div>\n\t\t<\/section>\n\t\t\t\t<section data-particle_enable=\"false\" data-particle-mobile-disabled=\"false\" class=\"elementor-section elementor-top-section elementor-element elementor-element-a33126d elementor-section-boxed elementor-section-height-default elementor-section-height-default\" data-id=\"a33126d\" data-element_type=\"section\" data-settings=\"{&quot;jet_parallax_layout_list&quot;:[]}\">\n\t\t\t\t\t\t<div class=\"elementor-container elementor-column-gap-default\">\n\t\t\t\t\t<div class=\"elementor-column elementor-col-100 elementor-top-column elementor-element elementor-element-75d1297\" data-id=\"75d1297\" data-element_type=\"column\" data-settings=\"{&quot;background_background&quot;:&quot;classic&quot;}\">\n\t\t\t<div class=\"elementor-widget-wrap elementor-element-populated\">\n\t\t\t\t\t\t<div class=\"elementor-element elementor-element-457b6b2 elementor-widget elementor-widget-text-editor\" data-id=\"457b6b2\" data-element_type=\"widget\" data-widget_type=\"text-editor.default\">\n\t\t\t\t<div class=\"elementor-widget-container\">\n\t\t\t\t\t\t\t<p>Pourquoi effectuer une planification financi\u00e8re ?<\/p>\t\t\t\t\t\t<\/div>\n\t\t\t\t<\/div>\n\t\t\t\t<div class=\"elementor-element elementor-element-d5ccba6 elementor-widget elementor-widget-text-editor\" data-id=\"d5ccba6\" data-element_type=\"widget\" data-widget_type=\"text-editor.default\">\n\t\t\t\t<div class=\"elementor-widget-container\">\n\t\t\t\t\t\t\t<p>La planification financi\u00e8re est cruciale pour plusieurs raisons. D&rsquo;abord, elle d\u00e9finit des objectifs financiers clairs, comme l&rsquo;achat d&rsquo;une maison ou la pr\u00e9paration \u00e0 la retraite. Ensuite, elle \u00e9value votre situation actuelle, y compris revenus, d\u00e9penses et dettes, pour des d\u00e9cisions \u00e9clair\u00e9es. De plus, elle maximise \u00e9pargne et investissements tout en minimisant les risques. Enfin, elle anticipe et pr\u00e9pare aux \u00e9v\u00e9nements impr\u00e9vus. En bref, la planification financi\u00e8re est un puissant outil pour ma\u00eetriser votre avenir financier et r\u00e9aliser vos aspirations.<\/p>\t\t\t\t\t\t<\/div>\n\t\t\t\t<\/div>\n\t\t\t\t\t<\/div>\n\t\t<\/div>\n\t\t\t\t\t<\/div>\n\t\t<\/section>\n\t\t\t\t<section data-particle_enable=\"false\" data-particle-mobile-disabled=\"false\" class=\"elementor-section elementor-top-section elementor-element elementor-element-afa5343 elementor-section-boxed elementor-section-height-default elementor-section-height-default\" data-id=\"afa5343\" data-element_type=\"section\" data-settings=\"{&quot;jet_parallax_layout_list&quot;:[]}\">\n\t\t\t\t\t\t<div class=\"elementor-container elementor-column-gap-default\">\n\t\t\t\t\t<div class=\"elementor-column elementor-col-100 elementor-top-column elementor-element elementor-element-d6186ee\" data-id=\"d6186ee\" data-element_type=\"column\" data-settings=\"{&quot;background_background&quot;:&quot;classic&quot;}\">\n\t\t\t<div class=\"elementor-widget-wrap elementor-element-populated\">\n\t\t\t\t\t\t<div class=\"elementor-element elementor-element-d3ca895 elementor-widget elementor-widget-text-editor\" data-id=\"d3ca895\" data-element_type=\"widget\" data-widget_type=\"text-editor.default\">\n\t\t\t\t<div class=\"elementor-widget-container\">\n\t\t\t\t\t\t\t<p>Prendre contact pour une planification financi\u00e8re<\/p>\t\t\t\t\t\t<\/div>\n\t\t\t\t<\/div>\n\t\t\t\t<div class=\"elementor-element elementor-element-74b70f9 elementor-widget elementor-widget-text-editor\" data-id=\"74b70f9\" data-element_type=\"widget\" data-widget_type=\"text-editor.default\">\n\t\t\t\t<div class=\"elementor-widget-container\">\n\t\t\t\t\t\t\t<p>Nos collaborateurs se d\u00e9placent chez vous pour d\u00e9finir vos besoins.<\/p>\t\t\t\t\t\t<\/div>\n\t\t\t\t<\/div>\n\t\t\t\t<section data-particle_enable=\"false\" data-particle-mobile-disabled=\"false\" class=\"elementor-section elementor-inner-section elementor-element elementor-element-2591b4d elementor-section-full_width elementor-section-height-default elementor-section-height-default\" data-id=\"2591b4d\" data-element_type=\"section\" data-settings=\"{&quot;jet_parallax_layout_list&quot;:[]}\">\n\t\t\t\t\t\t<div class=\"elementor-container elementor-column-gap-default\">\n\t\t\t\t\t<div class=\"elementor-column elementor-col-100 elementor-inner-column elementor-element elementor-element-e9a6d6a\" data-id=\"e9a6d6a\" data-element_type=\"column\">\n\t\t\t<div class=\"elementor-widget-wrap elementor-element-populated\">\n\t\t\t\t\t\t<div class=\"elementor-element elementor-element-9f5c953 elementor-widget elementor-widget-text-editor\" data-id=\"9f5c953\" data-element_type=\"widget\" data-widget_type=\"text-editor.default\">\n\t\t\t\t<div class=\"elementor-widget-container\">\n\t\t\t\t\t\t\t<p>Froidevaux Immobilier SA<\/p>\t\t\t\t\t\t<\/div>\n\t\t\t\t<\/div>\n\t\t\t\t<div class=\"elementor-element elementor-element-9ad3c16 elementor-widget elementor-widget-text-editor\" data-id=\"9ad3c16\" data-element_type=\"widget\" data-widget_type=\"text-editor.default\">\n\t\t\t\t<div class=\"elementor-widget-container\">\n\t\t\t\t\t\t\t<p>Boulevard de Grancy 32, 1006 Lausanne<br \/>info@froidevaux-immobilier.ch<br \/>021 510 33 33<\/p>\t\t\t\t\t\t<\/div>\n\t\t\t\t<\/div>\n\t\t\t\t\t<\/div>\n\t\t<\/div>\n\t\t\t\t\t<\/div>\n\t\t<\/section>\n\t\t\t\t\t<\/div>\n\t\t<\/div>\n\t\t\t\t\t<\/div>\n\t\t<\/section>\n\t\t\t\t<\/div>","protected":false},"excerpt":{"rendered":"<p>Planification financi\u00e8re Planification financi\u00e8re : strat\u00e9gie incontournable pour objectifs, gestion des revenus, d\u00e9penses, investissements et risques, d\u00e9cisive pour la r\u00e9ussite financi\u00e8re \u00e0 court et \u00e0 long terme. Planifiez votre succ\u00e8s financier. Strat\u00e9gies pour une croissance financi\u00e8re optimale. Pour optimiser votre croissance financi\u00e8re, il est essentiel d&rsquo;adopter des strat\u00e9gies bien pens\u00e9es. Cela peut inclure la diversification [&hellip;]<\/p>","protected":false},"author":4,"featured_media":0,"parent":0,"menu_order":0,"comment_status":"closed","ping_status":"closed","template":"","meta":{"footnotes":""},"class_list":["post-10245","page","type-page","status-publish","hentry"],"_links":{"self":[{"href":"https:\/\/froidevaux-immobilier.ch\/en\/wp-json\/wp\/v2\/pages\/10245","targetHints":{"allow":["GET"]}}],"collection":[{"href":"https:\/\/froidevaux-immobilier.ch\/en\/wp-json\/wp\/v2\/pages"}],"about":[{"href":"https:\/\/froidevaux-immobilier.ch\/en\/wp-json\/wp\/v2\/types\/page"}],"author":[{"embeddable":true,"href":"https:\/\/froidevaux-immobilier.ch\/en\/wp-json\/wp\/v2\/users\/4"}],"replies":[{"embeddable":true,"href":"https:\/\/froidevaux-immobilier.ch\/en\/wp-json\/wp\/v2\/comments?post=10245"}],"version-history":[{"count":64,"href":"https:\/\/froidevaux-immobilier.ch\/en\/wp-json\/wp\/v2\/pages\/10245\/revisions"}],"predecessor-version":[{"id":10542,"href":"https:\/\/froidevaux-immobilier.ch\/en\/wp-json\/wp\/v2\/pages\/10245\/revisions\/10542"}],"wp:attachment":[{"href":"https:\/\/froidevaux-immobilier.ch\/en\/wp-json\/wp\/v2\/media?parent=10245"}],"curies":[{"name":"wp","href":"https:\/\/api.w.org\/{rel}","templated":true}]}}